{"id":333,"date":"2020-06-04T13:43:25","date_gmt":"2020-06-04T13:43:25","guid":{"rendered":"https:\/\/acrossgravity.com\/?page_id=333"},"modified":"2020-12-06T22:07:35","modified_gmt":"2020-12-06T22:07:35","slug":"polityka-prywatnosci","status":"publish","type":"page","link":"https:\/\/acrossgravity.com\/pl\/polityka-prywatnosci\/","title":{"rendered":"Polityka Prywatno\u015bci"},"content":{"rendered":"<div class=\"wpb-content-wrapper\"><p>[vc_row][vc_column css=&#8221;.vc_custom_1591295148662{margin-top: 15vh !important;}&#8221;][vc_column_text]<\/p>\n<h2 class=\"underscore\">Polityka Prywatno\u015bci<\/h2>\n<p>[\/vc_column_text][\/vc_column][\/vc_row][vc_row][vc_column css=&#8221;.vc_custom_1591295155627{margin-top: 15vh !important;}&#8221;][vc_column_text]<\/p>\n<ol class=\"mainlist\">\n<li><b>Wprowadzenie<\/b>\n<ol class=\"decimallist\">\n<li>Prywatno\u015b\u0107 odwiedzaj\u0105cych nasz\u0105 stron\u0119 internetow\u0105 jest dla nas bardzo wa\u017cna i dok\u0142adamy wszelkich stara\u0144, aby j\u0105 chroni\u0107. Niniejsza polityka wyja\u015bnia, co robimy z Twoimi danymi osobowymi.<\/li>\n<li>Zgoda na korzystanie z plik\u00f3w cookies zgodnie z warunkami niniejszej polityki podczas pierwszej wizyty na naszej stronie pozwala nam na korzystanie z plik\u00f3w cookie przy ka\u017cdej kolejnej wizycie na naszej stronie.<\/li>\n<li>Funkcjonowanie naszej strony odbywa si\u0119 zgodnie z wymogami powszechnie i bezwzgl\u0119dnie obowi\u0105zuj\u0105cych przepis\u00f3w prawa, a tak\u017ce z zastosowaniem powszechnie przyj\u0119tych zasad funkcjonowania serwis\u00f3w internetowych, w tym w szczeg\u00f3lno\u015bci w zakresie bezpiecze\u0144stwa u\u017cytkownik\u00f3w serwis\u00f3w internetowych i stosowanych w tym celu \u015brodk\u00f3w technicznych i organizacyjnych.<\/li>\n<li>Korzystanie z naszej strony internetowej jest r\u00f3wnoznaczne z akceptacj\u0105 warunk\u00f3w niniejszej Polityki prywatno\u015bci.<\/li>\n<li>Administratorem naszej strony internetowej jest firma Across Gravity z siedzib\u0105 w Warszawie, przy ul. Francuskiej 47\/4. Kontakt do administratora danych osobowych: kontakt@acrossgravity.com<\/li>\n<\/ol>\n<\/li>\n<li><b>Zbieranie danych osobowych<\/b>\n<ol class=\"decimallist\">\n<li>Zebrane przez nas dane osobowe, nr telefonu i adresy e-mail, maj\u0105 na celu jedynie sprawne realizowanie konkretnych zlece\u0144 oraz utrzymanie kontaktu z kontrahentami.<\/li>\n<li>Zachowamy dokumenty (w tym dokumenty elektroniczne) zawieraj\u0105ce dane osobowe:\n<ol class=\"lowerlist\">\n<li>w zakresie, w jakim jest to wymagane przepisami prawa;<\/li>\n<li>je\u015bli uwa\u017camy, \u017ce dokumenty mog\u0105 mie\u0107 znaczenie dla wszelkich tocz\u0105cych si\u0119 lub przysz\u0142ych post\u0119powa\u0144 s\u0105dowych;<\/li>\n<li>w celu ustanowienia, wyegzekwowania lub obrony naszych praw (wliczaj\u0105c w to udost\u0119pnienie informacji innym podmiotom w celu przeciwdzia\u0142ania oszustwom).<\/li>\n<\/ol>\n<\/li>\n<\/ol>\n<\/li>\n<li><b>Ujawnianie danych osobowych<\/b>\n<ol class=\"decimallist\">\n<li>Mo\u017cemy ujawnia\u0107 dane osobowe u\u017cytkownika wszelkim naszym pracownikom lub podwykonawcom, o ile jest to niezb\u0119dne do cel\u00f3w okre\u015blonych w punkcie B.<\/li>\n<\/ol>\n<\/li>\n<li><b>Bezpiecze\u0144stwo danych osobowych<\/b>\n<ol class=\"decimallist\">\n<li>Podejmiemy zasadne techniczne i organizacyjne \u015brodki ostro\u017cno\u015bci w celu przeciwdzia\u0142ania utracie, nadu\u017cyciu lub zmianie danych osobowych u\u017cytkownika.<\/li>\n<li>B\u0119dziemy przechowywa\u0107 wszystkie dane osobowe, kt\u00f3re podasz na naszych bezpiecznych serwerach (chronionych has\u0142em).<\/li>\n<\/ol>\n<\/li>\n<li><b>Nowelizacje<\/b>\n<ol class=\"decimallist\">\n<li>Zastrzegamy sobie prawo do wprowadzania zmian w niniejszej Polityce Prywatno\u015bci przez odpowiedni\u0105 jej modyfikacj\u0119. Wszelkie zmiany nie b\u0119d\u0105 jednak narusza\u0142y podstawowych zasad bezpiecze\u0144stwa i prywatno\u015bci u\u017cytkownik\u00f3w naszego serwisu internetowego.<\/li>\n<\/ol>\n<\/li>\n<li><b>Twoje prawa<\/b>\n<ol class=\"decimallist\">\n<li>U\u017cytkownik mo\u017ce za\u017c\u0105da\u0107 udost\u0119pnienia jego danych osobowych, kt\u00f3re s\u0105 przechowywane.<\/li>\n<li>Mo\u017cemy na Twoje \u017c\u0105danie ukrywa\u0107 dane osobowe, w zakresie dozwolonym przez prawo.<\/li>\n<\/ol>\n<\/li>\n<li><b>Aktualizacja informacji<\/b>\n<ol class=\"decimallist\">\n<li>Prosimy o informacj\u0119 w przypadku konieczno\u015bci skorygowania lub aktualizowania danych osobowych, w kt\u00f3rych posiadaniu jeste\u015bmy.<\/li>\n<\/ol>\n<\/li>\n<li><b>Ciasteczka (pliki cookies)<\/b>\n<ol class=\"nonelist\">\n<li>Nasza strona internetowa korzysta z plik\u00f3w cookies. Plik cookie to plik zawieraj\u0105cy identyfikator (ci\u0105g liter i cyfr), kt\u00f3ry jest wysy\u0142any przez serwer internetowy do przegl\u0105darki internetowej i przechowywany przez przegl\u0105dark\u0119. Dane identyfikacyjne s\u0105 ponownie przesy\u0142ane na serwer za ka\u017cdym razem, gdy przegl\u0105darka wy\u015ble \u017c\u0105danie otwarcia strony znajduj\u0105cej si\u0119 na serwerze.<\/li>\n<li>Pliki cookies mog\u0105 by\u0107 \u201etrwa\u0142ymi\u201d lub \u201esesyjnymi\u201d plikami cookie: trwa\u0142e pliki cookie b\u0119d\u0105 przechowywane przez przegl\u0105dark\u0119 internetow\u0105 i pozostan\u0105 wa\u017cne do ustalonej daty wyga\u015bni\u0119cia, chyba \u017ce u\u017cytkownik usunie je przed dat\u0105 wyga\u015bni\u0119cia; sesyjny plik cookie wygasa z ko\u0144cem sesji u\u017cytkownika, gdy przegl\u0105darka internetowa jest zamykana.<\/li>\n<li>Pliki cookies zazwyczaj nie zawieraj\u0105 \u017cadnych informacji identyfikuj\u0105cych u\u017cytkownika, ale dane osobowe, kt\u00f3re przechowujemy na Tw\u00f3j temat, mog\u0105 by\u0107 powi\u0105zane z informacjami przechowywanymi w plikach cookie i uzyskiwanymi z nich. U\u017cywamy zar\u00f3wno sesyjnych, jak i trwa\u0142ych ciasteczek na naszej stronie.<\/li>\n<\/ol>\n<ol class=\"decimallist\">\n<li>Pliki cookies s\u0105 zbierane w celu gromadzenia informacji zwi\u0105zanych z korzystaniem ze strony internetowej przez u\u017cytkownik\u00f3w, a w szczeg\u00f3lno\u015bci w celach:\n<ol class=\"lowerlist\">\n<li>dostosowania zawarto\u015bci strony internetowej do preferencji u\u017cytkownika oraz optymalizacji korzystania ze stron internetowych; w szczeg\u00f3lno\u015bci pliki te pozwalaj\u0105 rozpozna\u0107 urz\u0105dzenie u\u017cytkownika strony i odpowiednio wy\u015bwietli\u0107 stron\u0119 internetow\u0105, dostosowan\u0105 do jego indywidualnych potrzeb;<\/li>\n<li>tworzenia statystyk, kt\u00f3re pomagaj\u0105 zrozumie\u0107, w jaki spos\u00f3b u\u017cytkownicy strony korzystaj\u0105 ze strony internetowej Across Gravity, co umo\u017cliwia ulepszanie jej struktury i zawarto\u015bci;<\/li>\n<li>wy\u015bwietlaniu u\u017cytkownikom tre\u015bci reklamowych bardziej dostosowanych do ich zainteresowa\u0144;<\/li>\n<li>umo\u017cliwieniu wy\u015bwietlanie informacji dostosowanych do lokalizacji u\u017cytkownika.<\/li>\n<\/ol>\n<\/li>\n<li>Korzystaj\u0105c ze strony Across Gravity automatycznie akceptujesz zbieranie plik\u00f3w cookies.<\/li>\n<li>Mo\u017cliwe jest tak\u017ce zarz\u0105dzanie plikami cookies z poziomu przegl\u0105darki &#8211; wy\u0142\u0105czenie ich zapisywania dla wszystkich po\u0142\u0105cze\u0144 z danej przegl\u0105darki lub dla konkretnej witryny, a tak\u017ce ich usuwanie. Spos\u00f3b zarz\u0105dzania plikami zale\u017cy od u\u017cywanego oprogramowania. Aktualne zasady zarz\u0105dzania plikami mo\u017cna znale\u017a\u0107 w ustawieniach stosowanej przegl\u0105darki internetowej. Informacje o zarz\u0105dzaniu plikami cookies na telefonie kom\u00f3rkowym mo\u017cna znale\u017a\u0107 w Podr\u0119czniku U\u017cytkownika danego telefonu.<\/li>\n<li>Usuni\u0119cie plik\u00f3w cookie b\u0119dzie mia\u0142o negatywny wp\u0142yw na u\u017cyteczno\u015b\u0107 wielu stron internetowych.<\/li>\n<\/ol>\n<\/li>\n<li><b>Google Analytics<\/b>\n<ol class=\"decimallist\">\n<li>Prowadzimy analiz\u0119 zachowa\u0144 u\u017cytkownik\u00f3w z wykorzystaniem narz\u0119dzia Google Analytics. W celu lepszego zrozumienia, jak dzia\u0142a ta us\u0142uga, prosimy zapozna\u0107 si\u0119 z jej regulaminem na <a style=\"text-decoration: underline;\" href=\"https:\/\/www.google.com\/analytics\/terms\/pl.html\">stronie Google.<\/a><\/li>\n<\/ol>\n<\/li>\n<\/ol>\n<p>[\/vc_column_text][\/vc_column][\/vc_row][vc_row][vc_column][vc_column_text]<\/p>\n<p>[\/vc_column_text][\/vc_column][\/vc_row]<\/p>\n<\/div>","protected":false},"excerpt":{"rendered":"<p>[vc_row][vc_column css=&#8221;.vc_custom_1591295148662{margin-top: 15vh !important;}&#8221;][vc_column_text] Polityka Prywatno\u015bci [\/vc_column_text][\/vc_column][\/vc_row][vc_row][vc_column css=&#8221;.vc_custom_1591295155627{margin-top: 15vh !important;}&#8221;][vc_column_text] Wprowadzenie Prywatno\u015b\u0107 odwiedzaj\u0105cych nasz\u0105 stron\u0119 internetow\u0105 jest dla nas bardzo wa\u017cna i dok\u0142adamy wszelkich stara\u0144, [&hellip;]<\/p>\n","protected":false},"author":4,"featured_media":0,"parent":0,"menu_order":0,"comment_status":"closed","ping_status":"closed","template":"","meta":{"footnotes":""},"class_list":["post-333","page","type-page","status-publish","hentry"],"yoast_head":"<!-- This site is optimized with the Yoast SEO plugin v27.1.1 - https:\/\/yoast.com\/product\/yoast-seo-wordpress\/ -->\n<title>Polityka Prywatno\u015bci - Across Gravity<\/title>\n<meta name=\"robots\" content=\"index, follow, max-snippet:-1, max-image-preview:large, max-video-preview:-1\" \/>\n<link rel=\"canonical\" href=\"https:\/\/acrossgravity.com\/pl\/polityka-prywatnosci\/\" \/>\n<meta property=\"og:locale\" content=\"pl_PL\" \/>\n<meta property=\"og:type\" content=\"article\" \/>\n<meta property=\"og:title\" content=\"Polityka Prywatno\u015bci - Across Gravity\" \/>\n<meta property=\"og:description\" content=\"[vc_row][vc_column css=&#8221;.vc_custom_1591295148662{margin-top: 15vh !important;}&#8221;][vc_column_text] Polityka Prywatno\u015bci [\/vc_column_text][\/vc_column][\/vc_row][vc_row][vc_column css=&#8221;.vc_custom_1591295155627{margin-top: 15vh !important;}&#8221;][vc_column_text] Wprowadzenie Prywatno\u015b\u0107 odwiedzaj\u0105cych nasz\u0105 stron\u0119 internetow\u0105 jest dla nas bardzo wa\u017cna i dok\u0142adamy wszelkich stara\u0144, [&hellip;]\" \/>\n<meta property=\"og:url\" content=\"https:\/\/acrossgravity.com\/pl\/polityka-prywatnosci\/\" \/>\n<meta property=\"og:site_name\" content=\"Across Gravity\" \/>\n<meta property=\"article:modified_time\" content=\"2020-12-06T22:07:35+00:00\" \/>\n<meta property=\"og:image\" content=\"https:\/\/acrossgravity.com\/wp-content\/uploads\/2021\/01\/zdj_fbObszar-roboczy-1-100.jpg\" \/>\n\t<meta property=\"og:image:width\" content=\"1200\" \/>\n\t<meta property=\"og:image:height\" content=\"630\" \/>\n\t<meta property=\"og:image:type\" content=\"image\/jpeg\" \/>\n<meta name=\"twitter:card\" content=\"summary_large_image\" \/>\n<meta name=\"twitter:label1\" content=\"Szacowany czas czytania\" \/>\n\t<meta name=\"twitter:data1\" content=\"4 minuty\" \/>\n<script type=\"application\/ld+json\" class=\"yoast-schema-graph\">{\"@context\":\"https:\/\/schema.org\",\"@graph\":[{\"@type\":\"WebPage\",\"@id\":\"https:\/\/acrossgravity.com\/pl\/polityka-prywatnosci\/\",\"url\":\"https:\/\/acrossgravity.com\/pl\/polityka-prywatnosci\/\",\"name\":\"Polityka Prywatno\u015bci - Across Gravity\",\"isPartOf\":{\"@id\":\"https:\/\/acrossgravity.com\/pl\/#website\"},\"datePublished\":\"2020-06-04T13:43:25+00:00\",\"dateModified\":\"2020-12-06T22:07:35+00:00\",\"breadcrumb\":{\"@id\":\"https:\/\/acrossgravity.com\/pl\/polityka-prywatnosci\/#breadcrumb\"},\"inLanguage\":\"pl-PL\",\"potentialAction\":[{\"@type\":\"ReadAction\",\"target\":[\"https:\/\/acrossgravity.com\/pl\/polityka-prywatnosci\/\"]}]},{\"@type\":\"BreadcrumbList\",\"@id\":\"https:\/\/acrossgravity.com\/pl\/polityka-prywatnosci\/#breadcrumb\",\"itemListElement\":[{\"@type\":\"ListItem\",\"position\":1,\"name\":\"Strona g\u0142\u00f3wna\",\"item\":\"https:\/\/acrossgravity.com\/pl\/\"},{\"@type\":\"ListItem\",\"position\":2,\"name\":\"Polityka Prywatno\u015bci\"}]},{\"@type\":\"WebSite\",\"@id\":\"https:\/\/acrossgravity.com\/pl\/#website\",\"url\":\"https:\/\/acrossgravity.com\/pl\/\",\"name\":\"Across Gravity\",\"description\":\"\",\"potentialAction\":[{\"@type\":\"SearchAction\",\"target\":{\"@type\":\"EntryPoint\",\"urlTemplate\":\"https:\/\/acrossgravity.com\/pl\/?s={search_term_string}\"},\"query-input\":{\"@type\":\"PropertyValueSpecification\",\"valueRequired\":true,\"valueName\":\"search_term_string\"}}],\"inLanguage\":\"pl-PL\"}]}<\/script>\n<!-- \/ Yoast SEO plugin. -->","yoast_head_json":{"title":"Polityka Prywatno\u015bci - Across Gravity","robots":{"index":"index","follow":"follow","max-snippet":"max-snippet:-1","max-image-preview":"max-image-preview:large","max-video-preview":"max-video-preview:-1"},"canonical":"https:\/\/acrossgravity.com\/pl\/polityka-prywatnosci\/","og_locale":"pl_PL","og_type":"article","og_title":"Polityka Prywatno\u015bci - Across Gravity","og_description":"[vc_row][vc_column css=&#8221;.vc_custom_1591295148662{margin-top: 15vh !important;}&#8221;][vc_column_text] Polityka Prywatno\u015bci [\/vc_column_text][\/vc_column][\/vc_row][vc_row][vc_column css=&#8221;.vc_custom_1591295155627{margin-top: 15vh !important;}&#8221;][vc_column_text] Wprowadzenie Prywatno\u015b\u0107 odwiedzaj\u0105cych nasz\u0105 stron\u0119 internetow\u0105 jest dla nas bardzo wa\u017cna i dok\u0142adamy wszelkich stara\u0144, [&hellip;]","og_url":"https:\/\/acrossgravity.com\/pl\/polityka-prywatnosci\/","og_site_name":"Across Gravity","article_modified_time":"2020-12-06T22:07:35+00:00","og_image":[{"width":1200,"height":630,"url":"https:\/\/acrossgravity.com\/wp-content\/uploads\/2021\/01\/zdj_fbObszar-roboczy-1-100.jpg","type":"image\/jpeg"}],"twitter_card":"summary_large_image","twitter_misc":{"Szacowany czas czytania":"4 minuty"},"schema":{"@context":"https:\/\/schema.org","@graph":[{"@type":"WebPage","@id":"https:\/\/acrossgravity.com\/pl\/polityka-prywatnosci\/","url":"https:\/\/acrossgravity.com\/pl\/polityka-prywatnosci\/","name":"Polityka Prywatno\u015bci - Across Gravity","isPartOf":{"@id":"https:\/\/acrossgravity.com\/pl\/#website"},"datePublished":"2020-06-04T13:43:25+00:00","dateModified":"2020-12-06T22:07:35+00:00","breadcrumb":{"@id":"https:\/\/acrossgravity.com\/pl\/polityka-prywatnosci\/#breadcrumb"},"inLanguage":"pl-PL","potentialAction":[{"@type":"ReadAction","target":["https:\/\/acrossgravity.com\/pl\/polityka-prywatnosci\/"]}]},{"@type":"BreadcrumbList","@id":"https:\/\/acrossgravity.com\/pl\/polityka-prywatnosci\/#breadcrumb","itemListElement":[{"@type":"ListItem","position":1,"name":"Strona g\u0142\u00f3wna","item":"https:\/\/acrossgravity.com\/pl\/"},{"@type":"ListItem","position":2,"name":"Polityka Prywatno\u015bci"}]},{"@type":"WebSite","@id":"https:\/\/acrossgravity.com\/pl\/#website","url":"https:\/\/acrossgravity.com\/pl\/","name":"Across Gravity","description":"","potentialAction":[{"@type":"SearchAction","target":{"@type":"EntryPoint","urlTemplate":"https:\/\/acrossgravity.com\/pl\/?s={search_term_string}"},"query-input":{"@type":"PropertyValueSpecification","valueRequired":true,"valueName":"search_term_string"}}],"inLanguage":"pl-PL"}]}},"_links":{"self":[{"href":"https:\/\/acrossgravity.com\/pl\/wp-json\/wp\/v2\/pages\/333","targetHints":{"allow":["GET"]}}],"collection":[{"href":"https:\/\/acrossgravity.com\/pl\/wp-json\/wp\/v2\/pages"}],"about":[{"href":"https:\/\/acrossgravity.com\/pl\/wp-json\/wp\/v2\/types\/page"}],"author":[{"embeddable":true,"href":"https:\/\/acrossgravity.com\/pl\/wp-json\/wp\/v2\/users\/4"}],"replies":[{"embeddable":true,"href":"https:\/\/acrossgravity.com\/pl\/wp-json\/wp\/v2\/comments?post=333"}],"version-history":[{"count":17,"href":"https:\/\/acrossgravity.com\/pl\/wp-json\/wp\/v2\/pages\/333\/revisions"}],"predecessor-version":[{"id":467,"href":"https:\/\/acrossgravity.com\/pl\/wp-json\/wp\/v2\/pages\/333\/revisions\/467"}],"wp:attachment":[{"href":"https:\/\/acrossgravity.com\/pl\/wp-json\/wp\/v2\/media?parent=333"}],"curies":[{"name":"wp","href":"https:\/\/api.w.org\/{rel}","templated":true}]}}